{"id":171,"date":"2020-11-07T08:04:39","date_gmt":"2020-11-07T08:04:39","guid":{"rendered":"https:\/\/sdpsrebrenik.ba\/?page_id=171"},"modified":"2020-11-07T08:05:41","modified_gmt":"2020-11-07T08:05:41","slug":"historija-sdp-bih","status":"publish","type":"page","link":"https:\/\/sdpsrebrenik.ba\/?page_id=171","title":{"rendered":"Historija SDP BiH"},"content":{"rendered":"\n<p>SDP BiH nastala je i razvijala se na temelju evropske i bosanskohercegova\u010dke socijaldemokratije, radni\u010dkog i selja\u010dkog pokreta, na poukama i porukama Narodnooslobodila\u010dkog antifa\u0161isti\u010dkog rada (1941.-1945.), pozitivnim vrednotama socijalnog razvitka nakon Drugog svjetskog rata, na osnovama reformisti\u010dko-demokratskog iskoraka Saveza komunista i Saveza reformskih snaga Bosne i Hercegovine, potkraj osamdesetih i po\u010detkom devedesetih godina pro\u0161log stolje\u0107a, ka vi\u0161estrana\u010dju \u2013 politi\u010dkoj i ekonomskoj demokratiji.<\/p>\n\n\n\n<p>SDP BiH svoje korijene vezuje za Socijaldemokratsku stranku BiH, osnovanu 1909. godine, kao \u201cizraz politi\u010dkih potreba radni\u010dke klase\u201d i poku\u0161aj da se prevlada mononacionalni karakter politi\u010dkog organiziranja i me\u0111unacionalnog polariziranja i konfrontiranja. Socijaldemokratska partija je svoj kontinuitet nastavila i u procesu borbe za o\u010duvanje zajedni\u010dkog \u017eivota, politi\u010dkog suvereniteta, teritorijalnog integriteta i nezavisnosti BiH (1992.-1995.), a i nakon toga u okvirima provedbe Dejtonskog mirovnog sporazuma i borbe za uspostavu demokratskog dru\u0161tva i dr\u017eave na osnovama socijalne pravde i ravnopravnosti, solidarnosti i odgovornosti prema drugima.<\/p>\n\n\n\n<div class=\"wp-block-image\"><figure class=\"aligncenter size-large is-resized\"><img loading=\"lazy\" src=\"https:\/\/sdpsrebrenik.ba\/wp-content\/uploads\/2020\/11\/27853114232_7a848f09ff_k-1024x576.jpg\" alt=\"\" class=\"wp-image-168\" width=\"580\" height=\"326\" srcset=\"https:\/\/sdpsrebrenik.ba\/wp-content\/uploads\/2020\/11\/27853114232_7a848f09ff_k-1024x576.jpg 1024w, https:\/\/sdpsrebrenik.ba\/wp-content\/uploads\/2020\/11\/27853114232_7a848f09ff_k-300x169.jpg 300w, https:\/\/sdpsrebrenik.ba\/wp-content\/uploads\/2020\/11\/27853114232_7a848f09ff_k-768x432.jpg 768w, https:\/\/sdpsrebrenik.ba\/wp-content\/uploads\/2020\/11\/27853114232_7a848f09ff_k-1536x864.jpg 1536w, https:\/\/sdpsrebrenik.ba\/wp-content\/uploads\/2020\/11\/27853114232_7a848f09ff_k-1280x720.jpg 1280w, https:\/\/sdpsrebrenik.ba\/wp-content\/uploads\/2020\/11\/27853114232_7a848f09ff_k.jpg 2048w\" sizes=\"(max-width: 580px) 100vw, 580px\" \/><figcaption>Socijaldemokratska partija Bosne i Hercegovine<br>Osniva\u010dki Kongres Socijaldemokratske stranke BiH 28.-29. juni 1909.<\/figcaption><\/figure><\/div>\n\n\n\n<p><\/p>\n","protected":false},"excerpt":{"rendered":"<p>SDP BiH nastala je i razvijala se na temelju evropske i bosanskohercegova\u010dke socijaldemokratije, radni\u010dkog i&#8230;<\/p>\n","protected":false},"author":1,"featured_media":168,"parent":0,"menu_order":0,"comment_status":"closed","ping_status":"closed","template":"","meta":[],"yoast_head":"<!-- This site is optimized with the Yoast SEO plugin v15.2 - https:\/\/yoast.com\/wordpress\/plugins\/seo\/ -->\n<title>Historija SDP BiH - SDP SREBRENIK<\/title>\n<meta name=\"robots\" content=\"index, follow, max-snippet:-1, max-image-preview:large, max-video-preview:-1\" \/>\n<link rel=\"canonical\" href=\"https:\/\/sdpsrebrenik.ba\/?page_id=171\" \/>\n<meta property=\"og:locale\" content=\"en_US\" \/>\n<meta property=\"og:type\" content=\"article\" \/>\n<meta property=\"og:title\" content=\"Historija SDP BiH - SDP SREBRENIK\" \/>\n<meta property=\"og:description\" content=\"SDP BiH nastala je i razvijala se na temelju evropske i bosanskohercegova\u010dke socijaldemokratije, radni\u010dkog i...\" \/>\n<meta property=\"og:url\" content=\"https:\/\/sdpsrebrenik.ba\/?page_id=171\" \/>\n<meta property=\"og:site_name\" content=\"SDP SREBRENIK\" \/>\n<meta property=\"article:publisher\" content=\"https:\/\/www.facebook.com\/oosdpsrebrenik\" \/>\n<meta property=\"article:modified_time\" content=\"2020-11-07T08:05:41+00:00\" \/>\n<meta property=\"og:image\" content=\"https:\/\/sdpsrebrenik.ba\/wp-content\/uploads\/2020\/11\/27853114232_7a848f09ff_k.jpg\" \/>\n\t<meta property=\"og:image:width\" content=\"2048\" \/>\n\t<meta property=\"og:image:height\" content=\"1152\" \/>\n<meta name=\"twitter:card\" content=\"summary_large_image\" \/>\n<meta name=\"twitter:label1\" value=\"Written by\">\n\t<meta name=\"twitter:data1\" value=\"admin\">\n\t<meta name=\"twitter:label2\" value=\"Est. reading time\">\n\t<meta name=\"twitter:data2\" value=\"1 minute\">\n<script type=\"application\/ld+json\" class=\"yoast-schema-graph\">{\"@context\":\"https:\/\/schema.org\",\"@graph\":[{\"@type\":\"WebSite\",\"@id\":\"https:\/\/sdpsrebrenik.ba\/#website\",\"url\":\"https:\/\/sdpsrebrenik.ba\/\",\"name\":\"SDP SREBRENIK\",\"description\":\"DOSLJEDNO S KARAKTEROM\",\"potentialAction\":[{\"@type\":\"SearchAction\",\"target\":\"https:\/\/sdpsrebrenik.ba\/?s={search_term_string}\",\"query-input\":\"required name=search_term_string\"}],\"inLanguage\":\"en-US\"},{\"@type\":\"ImageObject\",\"@id\":\"https:\/\/sdpsrebrenik.ba\/?page_id=171#primaryimage\",\"inLanguage\":\"en-US\",\"url\":\"https:\/\/sdpsrebrenik.ba\/wp-content\/uploads\/2020\/11\/27853114232_7a848f09ff_k.jpg\",\"width\":2048,\"height\":1152},{\"@type\":\"WebPage\",\"@id\":\"https:\/\/sdpsrebrenik.ba\/?page_id=171#webpage\",\"url\":\"https:\/\/sdpsrebrenik.ba\/?page_id=171\",\"name\":\"Historija SDP BiH - SDP SREBRENIK\",\"isPartOf\":{\"@id\":\"https:\/\/sdpsrebrenik.ba\/#website\"},\"primaryImageOfPage\":{\"@id\":\"https:\/\/sdpsrebrenik.ba\/?page_id=171#primaryimage\"},\"datePublished\":\"2020-11-07T08:04:39+00:00\",\"dateModified\":\"2020-11-07T08:05:41+00:00\",\"inLanguage\":\"en-US\",\"potentialAction\":[{\"@type\":\"ReadAction\",\"target\":[\"https:\/\/sdpsrebrenik.ba\/?page_id=171\"]}]}]}<\/script>\n<!-- \/ Yoast SEO plugin. -->","_links":{"self":[{"href":"https:\/\/sdpsrebrenik.ba\/index.php?rest_route=\/wp\/v2\/pages\/171"}],"collection":[{"href":"https:\/\/sdpsrebrenik.ba\/index.php?rest_route=\/wp\/v2\/pages"}],"about":[{"href":"https:\/\/sdpsrebrenik.ba\/index.php?rest_route=\/wp\/v2\/types\/page"}],"author":[{"embeddable":true,"href":"https:\/\/sdpsrebrenik.ba\/index.php?rest_route=\/wp\/v2\/users\/1"}],"replies":[{"embeddable":true,"href":"https:\/\/sdpsrebrenik.ba\/index.php?rest_route=%2Fwp%2Fv2%2Fcomments&post=171"}],"version-history":[{"count":2,"href":"https:\/\/sdpsrebrenik.ba\/index.php?rest_route=\/wp\/v2\/pages\/171\/revisions"}],"predecessor-version":[{"id":175,"href":"https:\/\/sdpsrebrenik.ba\/index.php?rest_route=\/wp\/v2\/pages\/171\/revisions\/175"}],"wp:featuredmedia":[{"embeddable":true,"href":"https:\/\/sdpsrebrenik.ba\/index.php?rest_route=\/wp\/v2\/media\/168"}],"wp:attachment":[{"href":"https:\/\/sdpsrebrenik.ba\/index.php?rest_route=%2Fwp%2Fv2%2Fmedia&parent=171"}],"curies":[{"name":"wp","href":"https:\/\/api.w.org\/{rel}","templated":true}]}}